{"id":4373,"date":"2024-01-15T19:18:21","date_gmt":"2024-01-15T19:18:21","guid":{"rendered":"https:\/\/ruttkowski68.shop\/?post_type=product&#038;p=4373"},"modified":"2026-01-30T01:49:07","modified_gmt":"2026-01-30T01:49:07","slug":"ruttkowski68-10years","status":"publish","type":"product","link":"https:\/\/ruttkowski68.shop\/en\/product\/ruttkowski68-10years\/","title":{"rendered":"Ruttkowski;68 \u2013 10 Years"},"content":{"rendered":"<p>[et_pb_section fb_built=&#8220;1&#8243; _builder_version=&#8220;4.22.2&#8243; _module_preset=&#8220;default&#8220; max_width=&#8220;100%&#8220; custom_margin=&#8220;-41px||-41px||true|&#8220; custom_padding=&#8220;4px|||||&#8220; global_colors_info=&#8220;{}&#8220;][et_pb_row _builder_version=&#8220;4.23&#8243; _module_preset=&#8220;default&#8220; width=&#8220;100%&#8220; max_width=&#8220;2560px&#8220; custom_padding=&#8220;0px||40px|||&#8220; global_colors_info=&#8220;{}&#8220;][et_pb_column type=&#8220;4_4&#8243; _builder_version=&#8220;4.23&#8243; _module_preset=&#8220;default&#8220; global_colors_info=&#8220;{}&#8220;][et_pb_wc_cart_notice _builder_version=&#8220;4.23.4&#8243; _module_preset=&#8220;default&#8220; title_text_color=&#8220;#000000&#8243; title_line_height=&#8220;1.4em&#8220; error_text_color=&#8220;#000000&#8243; error_line_height=&#8220;1.4em&#8220; content_text_align=&#8220;left&#8220; content_text_color=&#8220;#000000&#8243; content_line_height=&#8220;1.4em&#8220; background_color=&#8220;#FFFFFF&#8220; custom_button=&#8220;on&#8220; button_use_icon=&#8220;off&#8220; button_custom_margin=&#8220;|5px|5px|5px|false|false&#8220; max_width_tablet=&#8220;&#8220; max_width_phone=&#8220;80%&#8220; max_width_last_edited=&#8220;on|phone&#8220; module_alignment=&#8220;center&#8220; custom_margin=&#8220;-2em|0em|0em|0em|false|false&#8220; custom_margin_tablet=&#8220;0em|0em|0em|0em|false|false&#8220; custom_margin_phone=&#8220;0em|0em|0em|0em|false|false&#8220; custom_margin_last_edited=&#8220;on|desktop&#8220; custom_padding=&#8220;17px|15px|15px|15px|false|false&#8220; text_orientation_tablet=&#8220;&#8220; text_orientation_phone=&#8220;center&#8220; text_orientation_last_edited=&#8220;on|desktop&#8220; custom_css_free_form=&#8220;selector .wc-block-components-notice-banner {||background-color: #ffffff !important;||border-color: #000000 !important;||}||||selector .wc-block-components-notice-banner {||font-size: 20px !important;||}&#8220; border_width_all=&#8220;3px&#8220; border_color_all=&#8220;#000000&#8243; global_colors_info=&#8220;{}&#8220; button_text_color__hover_enabled=&#8220;on|hover&#8220; button_text_color__hover=&#8220;#000000&#8243; button_bg_color__hover_enabled=&#8220;on|hover&#8220; button_bg_color__hover=&#8220;#FFFFFF&#8220; button_bg_enable_color__hover=&#8220;on&#8220; button_custom_margin__hover_enabled=&#8220;on|hover&#8220; button_custom_margin__hover=&#8220;||||false|false&#8220;][\/et_pb_wc_cart_notice][\/et_pb_column][\/et_pb_row][et_pb_row column_structure=&#8220;1_2,1_2&#8243; module_class=&#8220;custom_row&#8220; _builder_version=&#8220;4.23.1&#8243; _module_preset=&#8220;default&#8220; width=&#8220;100%&#8220; max_width=&#8220;2560px&#8220; custom_padding=&#8220;0px||3px|||&#8220; global_colors_info=&#8220;{}&#8220;][et_pb_column type=&#8220;1_2&#8243; module_class=&#8220;second-on-mobile&#8220; _builder_version=&#8220;4.23.1&#8243; _module_preset=&#8220;default&#8220; global_colors_info=&#8220;{}&#8220;][et_pb_text _builder_version=&#8220;4.23.4&#8243; _module_preset=&#8220;default&#8220; header_font_size=&#8220;26px&#8220; header_line_height=&#8220;1.2em&#8220; custom_margin=&#8220;||70px||false|false&#8220; custom_margin_tablet=&#8220;||70px||false|false&#8220; custom_margin_phone=&#8220;-50px||75px||false|false&#8220; custom_margin_last_edited=&#8220;on|tablet&#8220; global_colors_info=&#8220;{}&#8220;]<\/p>\n<h1>Ruttkowski;68 \u2013<br \/>10 Years<\/h1>\n<p>[\/et_pb_text][et_pb_wc_price _builder_version=&#8220;4.23.1&#8243; _module_preset=&#8220;default&#8220; body_font=&#8220;|300|||||||&#8220; body_font_size=&#8220;22px&#8220; custom_margin=&#8220;0px||10px||false|false&#8220; custom_margin_tablet=&#8220;0px||10px||false|false&#8220; custom_margin_phone=&#8220;0px||10px||false|false&#8220; custom_margin_last_edited=&#8220;on|desktop&#8220; custom_padding=&#8220;4px||0px||false|false&#8220; global_colors_info=&#8220;{}&#8220;][\/et_pb_wc_price][et_pb_divider divider_weight=&#8220;1px&#8220; _builder_version=&#8220;4.23.1&#8243; _module_preset=&#8220;default&#8220; global_colors_info=&#8220;{}&#8220;][\/et_pb_divider][et_pb_wc_description description_type=&#8220;description&#8220; _builder_version=&#8220;4.23&#8243; _dynamic_attributes=&#8220;link_option_url&#8220; _module_preset=&#8220;default&#8220; body_font=&#8220;|300|||||||&#8220; body_font_size=&#8220;14px&#8220; body_line_height=&#8220;1.5em&#8220; header_font=&#8220;|300|||||||&#8220; header_2_font=&#8220;|300|||||||&#8220; header_3_font=&#8220;|300|||||||&#8220; header_4_font=&#8220;|300|||||||&#8220; header_5_font=&#8220;|300|||||||&#8220; header_6_font=&#8220;|300|||||||&#8220; custom_margin=&#8220;||40px|||&#8220; link_option_url=&#8220;@ET-DC@eyJkeW5hbWljIjp0cnVlLCJjb250ZW50IjoicG9zdF9saW5rX3VybCIsInNldHRpbmdzIjp7fX0=@&#8220; global_colors_info=&#8220;{}&#8220;][\/et_pb_wc_description][et_pb_wc_add_to_cart show_quantity=&#8220;off&#8220; show_stock=&#8220;off&#8220; _builder_version=&#8220;4.23.1&#8243; _module_preset=&#8220;default&#8220; dropdown_menus_background_color=&#8220;#FFFFFF&#8220; dropdown_menus_text_color=&#8220;#000000&#8243; dropdown_menus_focus_background_color=&#8220;#FFFFFF&#8220; dropdown_menus_custom_margin=&#8220;10px||||false|false&#8220; field_label_font=&#8220;||||||||&#8220; field_label_text_align=&#8220;left&#8220; field_label_text_color=&#8220;#000000&#8243; field_label_font_size=&#8220;16px&#8220; field_label_line_height=&#8220;0em&#8220; fields_font=&#8220;|300|||||||&#8220; fields_text_align=&#8220;left&#8220; fields_font_size=&#8220;16px&#8220; dropdown_menus_font=&#8220;|600|||||||&#8220; dropdown_menus_font_size=&#8220;13px&#8220; custom_margin=&#8220;0px||||false|false&#8220; custom_padding=&#8220;0px||0px||false|false&#8220; border_width_all_dropdown_menus=&#8220;1px&#8220; global_colors_info=&#8220;{}&#8220;][\/et_pb_wc_add_to_cart][et_pb_wc_description _builder_version=&#8220;4.24.0&#8243; _module_preset=&#8220;default&#8220; body_line_height=&#8220;1.8em&#8220; custom_padding=&#8220;50px||||false|false&#8220; global_colors_info=&#8220;{}&#8220;][\/et_pb_wc_description][\/et_pb_column][et_pb_column type=&#8220;1_2&#8243; module_class=&#8220;first-on-mobile&#8220; _builder_version=&#8220;4.23.1&#8243; _module_preset=&#8220;default&#8220; global_colors_info=&#8220;{}&#8220;][et_pb_wc_images _builder_version=&#8220;4.23.1&#8243; _module_preset=&#8220;default&#8220; custom_margin_tablet=&#8220;-15px||15px||false|false&#8220; custom_margin_phone=&#8220;-15px||75px||false|false&#8220; custom_margin_last_edited=&#8220;on|tablet&#8220; global_colors_info=&#8220;{}&#8220;][\/et_pb_wc_images][\/et_pb_column][\/et_pb_row][\/et_pb_section]<\/p>","protected":false},"excerpt":{"rendered":"<p class=\"p1\"><span class=\"s1\">The Ruttkowski;68 gallery is celebrating its 10th anniversary! In 2010, Nils M\u00fcller opened as a\ntribute to his late friend DJ Sven Ruttkowski, born in 1968, in his former apartment on\nBismarckstr. 68 in Cologne, the first gallery space. Larger rooms and a branch in Paris followed\nlater. Ruttkowski;68 expands the concept of art through radical authenticity, the inclusion of\nsubcultural tendencies, references to popular culture and art history. The book gives an insight\ninto the most exciting exhibitions and lets artists, friends and supporters of the gallery have their\nsay. A place that is so much more than just an exhibition space, a place that celebrates a way of\nlife. <\/span><\/p>","protected":false},"featured_media":4342,"template":"","meta":{"_et_pb_use_builder":"on","_et_pb_old_content":"<div class=\"page\" title=\"Page 2\">\r\n<div class=\"layoutArea\">\r\n<div class=\"column\">\r\n\r\n2023\r\nhardcover\r\n288 Seiten, 97 Abb.\r\ndeutsch\/englisch\r\n27.4 x 20 cm\r\nVerlag: Hatje Cantz\r\n\r\n<\/div>\r\n<\/div>\r\n<\/div>","_et_gb_content_width":""},"product_brand":[],"product_cat":[15],"product_tag":[],"class_list":{"0":"post-4373","1":"product","2":"type-product","3":"status-publish","4":"has-post-thumbnail","6":"product_cat-unkategorisiert","7":"product_shipping_class-books-and-merch","9":"first","10":"instock","11":"taxable","12":"shipping-taxable","13":"purchasable","14":"product-type-simple"},"yoast_head":"<!-- This site is optimized with the Yoast SEO Premium plugin v23.6 (Yoast SEO v26.5) - https:\/\/yoast.com\/wordpress\/plugins\/seo\/ -->\n<title>Ruttkowski;68 \u2013 10 Years - Ruttkowski;68<\/title>\n<meta name=\"robots\" content=\"noindex, nofollow\" \/>\n<meta property=\"og:locale\" content=\"en_US\" \/>\n<meta property=\"og:type\" content=\"article\" \/>\n<meta property=\"og:title\" content=\"Ruttkowski;68 \u2013 10 Years\" \/>\n<meta property=\"og:description\" content=\"Die Galerie Ruttkowski;68 feiert ihr 10-j\u00e4hriges Jubil\u00e4um! 2010 er\u00f6ffnete Nils M\u00fcller, als Hommage an seinen verstorbenen Freund DJ Sven Ruttkowski, geboren 1968, in dessen ehemaliger Wohnung in der Bismarckstr. 68 in K\u00f6ln, den ersten Galerieraum. Sp\u00e4ter folgten gr\u00f6\u00dfere R\u00e4ume und eine Dependance in Paris. Ruttkowski;68 erweitert den Kunstbegriff durch radikale Authentizit\u00e4t, das Aufgreifen subkultureller Tendenzen, Bez\u00fcge zur Popul\u00e4rkultur und Kunstgeschichte. Das Buch gibt einen Einblick in die spannendsten Ausstellungen und l\u00e4sst K\u00fcnstler*innen, Freund*innen und Unterst\u00fctzer*innen der Galerie zu Wort kommen. Ein Ort, der so viel mehr als nur ein Ausstellungsraum ist, ein Ort, der eine Lebensform zelebriert.\" \/>\n<meta property=\"og:url\" content=\"https:\/\/ruttkowski68.shop\/en\/product\/ruttkowski68-10years\/\" \/>\n<meta property=\"og:site_name\" content=\"Ruttkowski;68\" \/>\n<meta property=\"article:publisher\" content=\"https:\/\/facebook.com\/Ruttkowski68\/\" \/>\n<meta property=\"article:modified_time\" content=\"2026-01-30T01:49:07+00:00\" \/>\n<meta property=\"og:image\" content=\"https:\/\/ruttkowski68.shop\/wp-content\/uploads\/2024\/01\/RK68-scaled.jpg\" \/>\n\t<meta property=\"og:image:width\" content=\"2880\" \/>\n\t<meta property=\"og:image:height\" content=\"2880\" \/>\n\t<meta property=\"og:image:type\" content=\"image\/jpeg\" \/>\n<meta name=\"twitter:card\" content=\"summary_large_image\" \/>\n<meta name=\"twitter:label1\" content=\"Est. reading time\" \/>\n\t<meta name=\"twitter:data1\" content=\"1 minute\" \/>\n<script type=\"application\/ld+json\" class=\"yoast-schema-graph\">{\"@context\":\"https:\/\/schema.org\",\"@graph\":[{\"@type\":\"WebPage\",\"@id\":\"https:\/\/ruttkowski68.shop\/produkt\/ruttkowski68-10years\/\",\"url\":\"https:\/\/ruttkowski68.shop\/produkt\/ruttkowski68-10years\/\",\"name\":\"Ruttkowski;68 \u2013 10 Years - Ruttkowski;68\",\"isPartOf\":{\"@id\":\"https:\/\/ruttkowski68.shop\/#website\"},\"primaryImageOfPage\":{\"@id\":\"https:\/\/ruttkowski68.shop\/produkt\/ruttkowski68-10years\/#primaryimage\"},\"image\":{\"@id\":\"https:\/\/ruttkowski68.shop\/produkt\/ruttkowski68-10years\/#primaryimage\"},\"thumbnailUrl\":\"https:\/\/ruttkowski68.shop\/wp-content\/uploads\/2024\/01\/RK68-scaled.jpg\",\"datePublished\":\"2024-01-15T19:18:21+00:00\",\"dateModified\":\"2026-01-30T01:49:07+00:00\",\"breadcrumb\":{\"@id\":\"https:\/\/ruttkowski68.shop\/produkt\/ruttkowski68-10years\/#breadcrumb\"},\"inLanguage\":\"en-US\",\"potentialAction\":[{\"@type\":\"ReadAction\",\"target\":[\"https:\/\/ruttkowski68.shop\/produkt\/ruttkowski68-10years\/\"]}]},{\"@type\":\"ImageObject\",\"inLanguage\":\"en-US\",\"@id\":\"https:\/\/ruttkowski68.shop\/produkt\/ruttkowski68-10years\/#primaryimage\",\"url\":\"https:\/\/ruttkowski68.shop\/wp-content\/uploads\/2024\/01\/RK68-scaled.jpg\",\"contentUrl\":\"https:\/\/ruttkowski68.shop\/wp-content\/uploads\/2024\/01\/RK68-scaled.jpg\",\"width\":2880,\"height\":2880,\"caption\":\"Ruttkowski68 - 10 Years\"},{\"@type\":\"BreadcrumbList\",\"@id\":\"https:\/\/ruttkowski68.shop\/produkt\/ruttkowski68-10years\/#breadcrumb\",\"itemListElement\":[{\"@type\":\"ListItem\",\"position\":1,\"name\":\"Startseite\",\"item\":\"https:\/\/ruttkowski68.shop\/\"},{\"@type\":\"ListItem\",\"position\":2,\"name\":\"Shop\",\"item\":\"https:\/\/ruttkowski68.shop\/\"},{\"@type\":\"ListItem\",\"position\":3,\"name\":\"Ruttkowski;68 \u2013 10 Years\"}]},{\"@type\":\"WebSite\",\"@id\":\"https:\/\/ruttkowski68.shop\/#website\",\"url\":\"https:\/\/ruttkowski68.shop\/\",\"name\":\"Ruttkowski;68\",\"description\":\"Contemporary Art Gallery\",\"publisher\":{\"@id\":\"https:\/\/ruttkowski68.shop\/#organization\"},\"potentialAction\":[{\"@type\":\"SearchAction\",\"target\":{\"@type\":\"EntryPoint\",\"urlTemplate\":\"https:\/\/ruttkowski68.shop\/?s={search_term_string}\"},\"query-input\":{\"@type\":\"PropertyValueSpecification\",\"valueRequired\":true,\"valueName\":\"search_term_string\"}}],\"inLanguage\":\"en-US\"},{\"@type\":\"Organization\",\"@id\":\"https:\/\/ruttkowski68.shop\/#organization\",\"name\":\"Ruttkowski;68\",\"url\":\"https:\/\/ruttkowski68.shop\/\",\"logo\":{\"@type\":\"ImageObject\",\"inLanguage\":\"en-US\",\"@id\":\"https:\/\/ruttkowski68.shop\/#\/schema\/logo\/image\/\",\"url\":\"https:\/\/ruttkowski68.shop\/wp-content\/uploads\/2023\/10\/rk68.jpeg\",\"contentUrl\":\"https:\/\/ruttkowski68.shop\/wp-content\/uploads\/2023\/10\/rk68.jpeg\",\"width\":1200,\"height\":630,\"caption\":\"Ruttkowski;68\"},\"image\":{\"@id\":\"https:\/\/ruttkowski68.shop\/#\/schema\/logo\/image\/\"},\"sameAs\":[\"https:\/\/facebook.com\/Ruttkowski68\/\",\"https:\/\/www.instagram.com\/ruttkowski68\"]}]}<\/script>\n<!-- \/ Yoast SEO Premium plugin. -->","yoast_head_json":{"title":"Ruttkowski;68 \u2013 10 Years - Ruttkowski;68","robots":{"index":"noindex","follow":"nofollow"},"og_locale":"en_US","og_type":"article","og_title":"Ruttkowski;68 \u2013 10 Years","og_description":"Die Galerie Ruttkowski;68 feiert ihr 10-j\u00e4hriges Jubil\u00e4um! 2010 er\u00f6ffnete Nils M\u00fcller, als Hommage an seinen verstorbenen Freund DJ Sven Ruttkowski, geboren 1968, in dessen ehemaliger Wohnung in der Bismarckstr. 68 in K\u00f6ln, den ersten Galerieraum. Sp\u00e4ter folgten gr\u00f6\u00dfere R\u00e4ume und eine Dependance in Paris. Ruttkowski;68 erweitert den Kunstbegriff durch radikale Authentizit\u00e4t, das Aufgreifen subkultureller Tendenzen, Bez\u00fcge zur Popul\u00e4rkultur und Kunstgeschichte. Das Buch gibt einen Einblick in die spannendsten Ausstellungen und l\u00e4sst K\u00fcnstler*innen, Freund*innen und Unterst\u00fctzer*innen der Galerie zu Wort kommen. Ein Ort, der so viel mehr als nur ein Ausstellungsraum ist, ein Ort, der eine Lebensform zelebriert.","og_url":"https:\/\/ruttkowski68.shop\/en\/product\/ruttkowski68-10years\/","og_site_name":"Ruttkowski;68","article_publisher":"https:\/\/facebook.com\/Ruttkowski68\/","article_modified_time":"2026-01-30T01:49:07+00:00","og_image":[{"width":2880,"height":2880,"url":"https:\/\/ruttkowski68.shop\/wp-content\/uploads\/2024\/01\/RK68-scaled.jpg","type":"image\/jpeg"}],"twitter_card":"summary_large_image","twitter_misc":{"Est. reading time":"1 minute"},"schema":{"@context":"https:\/\/schema.org","@graph":[{"@type":"WebPage","@id":"https:\/\/ruttkowski68.shop\/produkt\/ruttkowski68-10years\/","url":"https:\/\/ruttkowski68.shop\/produkt\/ruttkowski68-10years\/","name":"Ruttkowski;68 \u2013 10 Years - Ruttkowski;68","isPartOf":{"@id":"https:\/\/ruttkowski68.shop\/#website"},"primaryImageOfPage":{"@id":"https:\/\/ruttkowski68.shop\/produkt\/ruttkowski68-10years\/#primaryimage"},"image":{"@id":"https:\/\/ruttkowski68.shop\/produkt\/ruttkowski68-10years\/#primaryimage"},"thumbnailUrl":"https:\/\/ruttkowski68.shop\/wp-content\/uploads\/2024\/01\/RK68-scaled.jpg","datePublished":"2024-01-15T19:18:21+00:00","dateModified":"2026-01-30T01:49:07+00:00","breadcrumb":{"@id":"https:\/\/ruttkowski68.shop\/produkt\/ruttkowski68-10years\/#breadcrumb"},"inLanguage":"en-US","potentialAction":[{"@type":"ReadAction","target":["https:\/\/ruttkowski68.shop\/produkt\/ruttkowski68-10years\/"]}]},{"@type":"ImageObject","inLanguage":"en-US","@id":"https:\/\/ruttkowski68.shop\/produkt\/ruttkowski68-10years\/#primaryimage","url":"https:\/\/ruttkowski68.shop\/wp-content\/uploads\/2024\/01\/RK68-scaled.jpg","contentUrl":"https:\/\/ruttkowski68.shop\/wp-content\/uploads\/2024\/01\/RK68-scaled.jpg","width":2880,"height":2880,"caption":"Ruttkowski68 - 10 Years"},{"@type":"BreadcrumbList","@id":"https:\/\/ruttkowski68.shop\/produkt\/ruttkowski68-10years\/#breadcrumb","itemListElement":[{"@type":"ListItem","position":1,"name":"Startseite","item":"https:\/\/ruttkowski68.shop\/"},{"@type":"ListItem","position":2,"name":"Shop","item":"https:\/\/ruttkowski68.shop\/"},{"@type":"ListItem","position":3,"name":"Ruttkowski;68 \u2013 10 Years"}]},{"@type":"WebSite","@id":"https:\/\/ruttkowski68.shop\/#website","url":"https:\/\/ruttkowski68.shop\/","name":"Ruttkowski;68","description":"Contemporary Art Gallery","publisher":{"@id":"https:\/\/ruttkowski68.shop\/#organization"},"potentialAction":[{"@type":"SearchAction","target":{"@type":"EntryPoint","urlTemplate":"https:\/\/ruttkowski68.shop\/?s={search_term_string}"},"query-input":{"@type":"PropertyValueSpecification","valueRequired":true,"valueName":"search_term_string"}}],"inLanguage":"en-US"},{"@type":"Organization","@id":"https:\/\/ruttkowski68.shop\/#organization","name":"Ruttkowski;68","url":"https:\/\/ruttkowski68.shop\/","logo":{"@type":"ImageObject","inLanguage":"en-US","@id":"https:\/\/ruttkowski68.shop\/#\/schema\/logo\/image\/","url":"https:\/\/ruttkowski68.shop\/wp-content\/uploads\/2023\/10\/rk68.jpeg","contentUrl":"https:\/\/ruttkowski68.shop\/wp-content\/uploads\/2023\/10\/rk68.jpeg","width":1200,"height":630,"caption":"Ruttkowski;68"},"image":{"@id":"https:\/\/ruttkowski68.shop\/#\/schema\/logo\/image\/"},"sameAs":["https:\/\/facebook.com\/Ruttkowski68\/","https:\/\/www.instagram.com\/ruttkowski68"]}]}},"_links":{"self":[{"href":"https:\/\/ruttkowski68.shop\/en\/wp-json\/wp\/v2\/product\/4373","targetHints":{"allow":["GET"]}}],"collection":[{"href":"https:\/\/ruttkowski68.shop\/en\/wp-json\/wp\/v2\/product"}],"about":[{"href":"https:\/\/ruttkowski68.shop\/en\/wp-json\/wp\/v2\/types\/product"}],"wp:featuredmedia":[{"embeddable":true,"href":"https:\/\/ruttkowski68.shop\/en\/wp-json\/wp\/v2\/media\/4342"}],"wp:attachment":[{"href":"https:\/\/ruttkowski68.shop\/en\/wp-json\/wp\/v2\/media?parent=4373"}],"wp:term":[{"taxonomy":"product_brand","embeddable":true,"href":"https:\/\/ruttkowski68.shop\/en\/wp-json\/wp\/v2\/product_brand?post=4373"},{"taxonomy":"product_cat","embeddable":true,"href":"https:\/\/ruttkowski68.shop\/en\/wp-json\/wp\/v2\/product_cat?post=4373"},{"taxonomy":"product_tag","embeddable":true,"href":"https:\/\/ruttkowski68.shop\/en\/wp-json\/wp\/v2\/product_tag?post=4373"}],"curies":[{"name":"wp","href":"https:\/\/api.w.org\/{rel}","templated":true}]}}