{"id":4371,"date":"2024-01-15T19:04:46","date_gmt":"2024-01-15T19:04:46","guid":{"rendered":"https:\/\/ruttkowski68.shop\/?post_type=product&#038;p=4371"},"modified":"2026-02-11T08:08:05","modified_gmt":"2026-02-11T08:08:05","slug":"daniel-weissbach-aka-cost-aka-dtagno","status":"publish","type":"product","link":"https:\/\/ruttkowski68.shop\/en\/product\/daniel-weissbach-aka-cost-aka-dtagno\/","title":{"rendered":"Daniel Weissbach \u2013 aka COST aka DTagno"},"content":{"rendered":"<p>[et_pb_section fb_built=&#8220;1&#8243; _builder_version=&#8220;4.22.2&#8243; _module_preset=&#8220;default&#8220; max_width=&#8220;100%&#8220; custom_margin=&#8220;-41px||-41px||true|&#8220; custom_padding=&#8220;4px|||||&#8220; global_colors_info=&#8220;{}&#8220;][et_pb_row _builder_version=&#8220;4.23&#8243; _module_preset=&#8220;default&#8220; width=&#8220;100%&#8220; max_width=&#8220;2560px&#8220; custom_padding=&#8220;0px||40px|||&#8220; global_colors_info=&#8220;{}&#8220;][et_pb_column type=&#8220;4_4&#8243; _builder_version=&#8220;4.23&#8243; _module_preset=&#8220;default&#8220; global_colors_info=&#8220;{}&#8220;][et_pb_wc_cart_notice _builder_version=&#8220;4.23.4&#8243; _module_preset=&#8220;default&#8220; title_text_color=&#8220;#000000&#8243; title_line_height=&#8220;1.4em&#8220; error_text_color=&#8220;#000000&#8243; error_line_height=&#8220;1.4em&#8220; content_text_align=&#8220;left&#8220; content_text_color=&#8220;#000000&#8243; content_line_height=&#8220;1.4em&#8220; background_color=&#8220;#FFFFFF&#8220; custom_button=&#8220;on&#8220; button_use_icon=&#8220;off&#8220; button_custom_margin=&#8220;|5px|5px|5px|false|false&#8220; max_width_tablet=&#8220;&#8220; max_width_phone=&#8220;80%&#8220; max_width_last_edited=&#8220;on|phone&#8220; module_alignment=&#8220;center&#8220; custom_margin=&#8220;-2em|0em|0em|0em|false|false&#8220; custom_margin_tablet=&#8220;0em|0em|0em|0em|false|false&#8220; custom_margin_phone=&#8220;0em|0em|0em|0em|false|false&#8220; custom_margin_last_edited=&#8220;on|desktop&#8220; custom_padding=&#8220;17px|15px|15px|15px|false|false&#8220; text_orientation_tablet=&#8220;&#8220; text_orientation_phone=&#8220;center&#8220; text_orientation_last_edited=&#8220;on|desktop&#8220; custom_css_free_form=&#8220;selector .wc-block-components-notice-banner {||background-color: #ffffff !important;||border-color: #000000 !important;||}||||selector .wc-block-components-notice-banner {||font-size: 20px !important;||}&#8220; border_width_all=&#8220;3px&#8220; border_color_all=&#8220;#000000&#8243; global_colors_info=&#8220;{}&#8220; button_text_color__hover_enabled=&#8220;on|hover&#8220; button_text_color__hover=&#8220;#000000&#8243; button_bg_color__hover_enabled=&#8220;on|hover&#8220; button_bg_color__hover=&#8220;#FFFFFF&#8220; button_bg_enable_color__hover=&#8220;on&#8220; button_custom_margin__hover_enabled=&#8220;on|hover&#8220; button_custom_margin__hover=&#8220;||||false|false&#8220;][\/et_pb_wc_cart_notice][\/et_pb_column][\/et_pb_row][et_pb_row column_structure=&#8220;1_2,1_2&#8243; module_class=&#8220;custom_row&#8220; _builder_version=&#8220;4.23.1&#8243; _module_preset=&#8220;default&#8220; width=&#8220;100%&#8220; max_width=&#8220;2560px&#8220; custom_padding=&#8220;0px||3px|||&#8220; global_colors_info=&#8220;{}&#8220;][et_pb_column type=&#8220;1_2&#8243; module_class=&#8220;second-on-mobile&#8220; _builder_version=&#8220;4.23.1&#8243; _module_preset=&#8220;default&#8220; global_colors_info=&#8220;{}&#8220;][et_pb_text _builder_version=&#8220;4.23.4&#8243; _module_preset=&#8220;default&#8220; header_font_size=&#8220;26px&#8220; header_line_height=&#8220;1.2em&#8220; custom_margin=&#8220;||70px||false|false&#8220; custom_margin_tablet=&#8220;||70px||false|false&#8220; custom_margin_phone=&#8220;-50px||75px||false|false&#8220; custom_margin_last_edited=&#8220;on|tablet&#8220; global_colors_info=&#8220;{}&#8220;]<\/p>\n<h1>Daniel Weissbach \u2013<br \/>aka COST aka DTagno<\/h1>\n<p>[\/et_pb_text][et_pb_wc_price _builder_version=&#8220;4.23.1&#8243; _module_preset=&#8220;default&#8220; body_font=&#8220;|300|||||||&#8220; body_font_size=&#8220;22px&#8220; custom_margin=&#8220;0px||10px||false|false&#8220; custom_margin_tablet=&#8220;0px||10px||false|false&#8220; custom_margin_phone=&#8220;0px||10px||false|false&#8220; custom_margin_last_edited=&#8220;on|desktop&#8220; custom_padding=&#8220;4px||0px||false|false&#8220; global_colors_info=&#8220;{}&#8220;][\/et_pb_wc_price][et_pb_divider divider_weight=&#8220;1px&#8220; _builder_version=&#8220;4.23.1&#8243; _module_preset=&#8220;default&#8220; global_colors_info=&#8220;{}&#8220;][\/et_pb_divider][et_pb_wc_description description_type=&#8220;description&#8220; _builder_version=&#8220;4.23&#8243; _dynamic_attributes=&#8220;link_option_url&#8220; _module_preset=&#8220;default&#8220; body_font=&#8220;|300|||||||&#8220; body_font_size=&#8220;14px&#8220; body_line_height=&#8220;1.5em&#8220; header_font=&#8220;|300|||||||&#8220; header_2_font=&#8220;|300|||||||&#8220; header_3_font=&#8220;|300|||||||&#8220; header_4_font=&#8220;|300|||||||&#8220; header_5_font=&#8220;|300|||||||&#8220; header_6_font=&#8220;|300|||||||&#8220; custom_margin=&#8220;||40px|||&#8220; link_option_url=&#8220;@ET-DC@eyJkeW5hbWljIjp0cnVlLCJjb250ZW50IjoicG9zdF9saW5rX3VybCIsInNldHRpbmdzIjp7fX0=@&#8220; global_colors_info=&#8220;{}&#8220;][\/et_pb_wc_description][et_pb_wc_add_to_cart show_quantity=&#8220;off&#8220; show_stock=&#8220;off&#8220; _builder_version=&#8220;4.23.1&#8243; _module_preset=&#8220;default&#8220; dropdown_menus_background_color=&#8220;#FFFFFF&#8220; dropdown_menus_text_color=&#8220;#000000&#8243; dropdown_menus_focus_background_color=&#8220;#FFFFFF&#8220; dropdown_menus_custom_margin=&#8220;10px||||false|false&#8220; field_label_font=&#8220;||||||||&#8220; field_label_text_align=&#8220;left&#8220; field_label_text_color=&#8220;#000000&#8243; field_label_font_size=&#8220;16px&#8220; field_label_line_height=&#8220;0em&#8220; fields_font=&#8220;|300|||||||&#8220; fields_text_align=&#8220;left&#8220; fields_font_size=&#8220;16px&#8220; dropdown_menus_font=&#8220;|600|||||||&#8220; dropdown_menus_font_size=&#8220;13px&#8220; custom_margin=&#8220;0px||||false|false&#8220; custom_padding=&#8220;0px||0px||false|false&#8220; border_width_all_dropdown_menus=&#8220;1px&#8220; global_colors_info=&#8220;{}&#8220;][\/et_pb_wc_add_to_cart][et_pb_wc_description _builder_version=&#8220;4.23.4&#8243; _dynamic_attributes=&#8220;link_option_url&#8220; _module_preset=&#8220;default&#8220; body_font=&#8220;|300|||||||&#8220; body_font_size=&#8220;14px&#8220; body_line_height=&#8220;1.5em&#8220; header_font=&#8220;|300|||||||&#8220; header_2_font=&#8220;|300|||||||&#8220; header_3_font=&#8220;|300|||||||&#8220; header_4_font=&#8220;|300|||||||&#8220; header_5_font=&#8220;|300|||||||&#8220; header_6_font=&#8220;|300|||||||&#8220; custom_padding=&#8220;50px||||false|false&#8220; link_option_url=&#8220;@ET-DC@eyJkeW5hbWljIjp0cnVlLCJjb250ZW50IjoicG9zdF9saW5rX3VybCIsInNldHRpbmdzIjp7fX0=@&#8220; global_colors_info=&#8220;{}&#8220;][\/et_pb_wc_description][\/et_pb_column][et_pb_column type=&#8220;1_2&#8243; module_class=&#8220;first-on-mobile&#8220; _builder_version=&#8220;4.23.1&#8243; _module_preset=&#8220;default&#8220; global_colors_info=&#8220;{}&#8220;][et_pb_wc_images _builder_version=&#8220;4.23.1&#8243; _module_preset=&#8220;default&#8220; custom_margin_tablet=&#8220;-15px||15px||false|false&#8220; custom_margin_phone=&#8220;-15px||75px||false|false&#8220; custom_margin_last_edited=&#8220;on|tablet&#8220; global_colors_info=&#8220;{}&#8220;][\/et_pb_wc_images][\/et_pb_column][\/et_pb_row][\/et_pb_section]<\/p>","protected":false},"excerpt":{"rendered":"<p class=\"p1\"><span class=\"s1\">As its inaugural publication, Ruttkowski;68 presents a comprehensive retrospective on the life's work of the artist Daniel Weissbach.<br \/>\n<\/span><span class=\"s1\">This book showcases the complexity and uniqueness of his creations.<span class=\"Apple-converted-space\"><br \/>\n<\/span><\/span><span class=\"s1\">Whether on canvas, paper, walls, subway trains, or shop windows, whether indoors or on the street, each work expresses his high level of perfectionism, now fully accessible in its entirety.\n\u00a0<\/span><\/p>","protected":false},"featured_media":4409,"template":"","meta":{"_et_pb_use_builder":"on","_et_pb_old_content":"<div class=\"page\" title=\"Page 2\">\r\n<div class=\"layoutArea\">\r\n<div class=\"column\">\r\n\r\n2024\r\nhardcover\r\n528 Seiten\r\ndeutsch\/englisch\r\n22 x 30.8 cm\r\nVerlag: Ruttkowski;68\r\n\r\n<\/div>\r\n<\/div>\r\n<\/div>","_et_gb_content_width":""},"product_brand":[],"product_cat":[15],"product_tag":[],"class_list":{"0":"post-4371","1":"product","2":"type-product","3":"status-publish","4":"has-post-thumbnail","6":"product_cat-unkategorisiert","7":"product_shipping_class-books-and-merch","9":"first","10":"instock","11":"taxable","12":"shipping-taxable","13":"purchasable","14":"product-type-simple"},"yoast_head":"<!-- This site is optimized with the Yoast SEO Premium plugin v23.6 (Yoast SEO v26.5) - https:\/\/yoast.com\/wordpress\/plugins\/seo\/ -->\n<title>Daniel Weissbach \u2013 aka COST aka DTagno - Ruttkowski;68<\/title>\n<meta name=\"robots\" content=\"noindex, nofollow\" \/>\n<meta property=\"og:locale\" content=\"en_US\" \/>\n<meta property=\"og:type\" content=\"article\" \/>\n<meta property=\"og:title\" content=\"Daniel Weissbach \u2013 aka COST aka DTagno\" \/>\n<meta property=\"og:description\" content=\"Ruttkowski;68 pr\u00e4sentiert als erste eigene Publikation eine umfassende Retrospektive auf das Lebenswerk des K\u00fcnstlers Daniel Weissbach. Dieses Buch zeigt die dabei entstandene Vielschichtigkeit und Einzigartigkeit seines Schaffens. Ob auf Leinwand, Papier, W\u00e4nden, S-Bahnz\u00fcgen oder Schaufenstern, ob im Innenraum oder auf der Stra\u00dfe: In jedem Werk dr\u00fcckt sich sein hoher Perfektionismus aus, der als Gesamtwerk hier nun vollst\u00e4ndig zug\u00e4nglich gemacht wird.\" \/>\n<meta property=\"og:url\" content=\"https:\/\/ruttkowski68.shop\/en\/product\/daniel-weissbach-aka-cost-aka-dtagno\/\" \/>\n<meta property=\"og:site_name\" content=\"Ruttkowski;68\" \/>\n<meta property=\"article:publisher\" content=\"https:\/\/facebook.com\/Ruttkowski68\/\" \/>\n<meta property=\"article:modified_time\" content=\"2026-02-11T08:08:05+00:00\" \/>\n<meta property=\"og:image\" content=\"https:\/\/ruttkowski68.shop\/wp-content\/uploads\/2024\/01\/16508b66-c750-4d20-a8ca-b9261d00dc88-scaled.jpg\" \/>\n\t<meta property=\"og:image:width\" content=\"2880\" \/>\n\t<meta property=\"og:image:height\" content=\"2880\" \/>\n\t<meta property=\"og:image:type\" content=\"image\/jpeg\" \/>\n<meta name=\"twitter:card\" content=\"summary_large_image\" \/>\n<meta name=\"twitter:label1\" content=\"Est. reading time\" \/>\n\t<meta name=\"twitter:data1\" content=\"1 minute\" \/>\n<script type=\"application\/ld+json\" class=\"yoast-schema-graph\">{\"@context\":\"https:\/\/schema.org\",\"@graph\":[{\"@type\":\"WebPage\",\"@id\":\"https:\/\/ruttkowski68.shop\/produkt\/daniel-weissbach-aka-cost-aka-dtagno\/\",\"url\":\"https:\/\/ruttkowski68.shop\/produkt\/daniel-weissbach-aka-cost-aka-dtagno\/\",\"name\":\"Daniel Weissbach \u2013 aka COST aka DTagno - Ruttkowski;68\",\"isPartOf\":{\"@id\":\"https:\/\/ruttkowski68.shop\/#website\"},\"primaryImageOfPage\":{\"@id\":\"https:\/\/ruttkowski68.shop\/produkt\/daniel-weissbach-aka-cost-aka-dtagno\/#primaryimage\"},\"image\":{\"@id\":\"https:\/\/ruttkowski68.shop\/produkt\/daniel-weissbach-aka-cost-aka-dtagno\/#primaryimage\"},\"thumbnailUrl\":\"https:\/\/ruttkowski68.shop\/wp-content\/uploads\/2024\/01\/16508b66-c750-4d20-a8ca-b9261d00dc88-scaled.jpg\",\"datePublished\":\"2024-01-15T19:04:46+00:00\",\"dateModified\":\"2026-02-11T08:08:05+00:00\",\"breadcrumb\":{\"@id\":\"https:\/\/ruttkowski68.shop\/produkt\/daniel-weissbach-aka-cost-aka-dtagno\/#breadcrumb\"},\"inLanguage\":\"en-US\",\"potentialAction\":[{\"@type\":\"ReadAction\",\"target\":[\"https:\/\/ruttkowski68.shop\/produkt\/daniel-weissbach-aka-cost-aka-dtagno\/\"]}]},{\"@type\":\"ImageObject\",\"inLanguage\":\"en-US\",\"@id\":\"https:\/\/ruttkowski68.shop\/produkt\/daniel-weissbach-aka-cost-aka-dtagno\/#primaryimage\",\"url\":\"https:\/\/ruttkowski68.shop\/wp-content\/uploads\/2024\/01\/16508b66-c750-4d20-a8ca-b9261d00dc88-scaled.jpg\",\"contentUrl\":\"https:\/\/ruttkowski68.shop\/wp-content\/uploads\/2024\/01\/16508b66-c750-4d20-a8ca-b9261d00dc88-scaled.jpg\",\"width\":2880,\"height\":2880,\"caption\":\"Daniel Weissbach - aka Cost aka DTagno\"},{\"@type\":\"BreadcrumbList\",\"@id\":\"https:\/\/ruttkowski68.shop\/produkt\/daniel-weissbach-aka-cost-aka-dtagno\/#breadcrumb\",\"itemListElement\":[{\"@type\":\"ListItem\",\"position\":1,\"name\":\"Startseite\",\"item\":\"https:\/\/ruttkowski68.shop\/\"},{\"@type\":\"ListItem\",\"position\":2,\"name\":\"Shop\",\"item\":\"https:\/\/ruttkowski68.shop\/\"},{\"@type\":\"ListItem\",\"position\":3,\"name\":\"Daniel Weissbach \u2013 aka COST aka DTagno\"}]},{\"@type\":\"WebSite\",\"@id\":\"https:\/\/ruttkowski68.shop\/#website\",\"url\":\"https:\/\/ruttkowski68.shop\/\",\"name\":\"Ruttkowski;68\",\"description\":\"Contemporary Art Gallery\",\"publisher\":{\"@id\":\"https:\/\/ruttkowski68.shop\/#organization\"},\"potentialAction\":[{\"@type\":\"SearchAction\",\"target\":{\"@type\":\"EntryPoint\",\"urlTemplate\":\"https:\/\/ruttkowski68.shop\/?s={search_term_string}\"},\"query-input\":{\"@type\":\"PropertyValueSpecification\",\"valueRequired\":true,\"valueName\":\"search_term_string\"}}],\"inLanguage\":\"en-US\"},{\"@type\":\"Organization\",\"@id\":\"https:\/\/ruttkowski68.shop\/#organization\",\"name\":\"Ruttkowski;68\",\"url\":\"https:\/\/ruttkowski68.shop\/\",\"logo\":{\"@type\":\"ImageObject\",\"inLanguage\":\"en-US\",\"@id\":\"https:\/\/ruttkowski68.shop\/#\/schema\/logo\/image\/\",\"url\":\"https:\/\/ruttkowski68.shop\/wp-content\/uploads\/2023\/10\/rk68.jpeg\",\"contentUrl\":\"https:\/\/ruttkowski68.shop\/wp-content\/uploads\/2023\/10\/rk68.jpeg\",\"width\":1200,\"height\":630,\"caption\":\"Ruttkowski;68\"},\"image\":{\"@id\":\"https:\/\/ruttkowski68.shop\/#\/schema\/logo\/image\/\"},\"sameAs\":[\"https:\/\/facebook.com\/Ruttkowski68\/\",\"https:\/\/www.instagram.com\/ruttkowski68\"]}]}<\/script>\n<!-- \/ Yoast SEO Premium plugin. -->","yoast_head_json":{"title":"Daniel Weissbach \u2013 aka COST aka DTagno - Ruttkowski;68","robots":{"index":"noindex","follow":"nofollow"},"og_locale":"en_US","og_type":"article","og_title":"Daniel Weissbach \u2013 aka COST aka DTagno","og_description":"Ruttkowski;68 pr\u00e4sentiert als erste eigene Publikation eine umfassende Retrospektive auf das Lebenswerk des K\u00fcnstlers Daniel Weissbach. Dieses Buch zeigt die dabei entstandene Vielschichtigkeit und Einzigartigkeit seines Schaffens. Ob auf Leinwand, Papier, W\u00e4nden, S-Bahnz\u00fcgen oder Schaufenstern, ob im Innenraum oder auf der Stra\u00dfe: In jedem Werk dr\u00fcckt sich sein hoher Perfektionismus aus, der als Gesamtwerk hier nun vollst\u00e4ndig zug\u00e4nglich gemacht wird.","og_url":"https:\/\/ruttkowski68.shop\/en\/product\/daniel-weissbach-aka-cost-aka-dtagno\/","og_site_name":"Ruttkowski;68","article_publisher":"https:\/\/facebook.com\/Ruttkowski68\/","article_modified_time":"2026-02-11T08:08:05+00:00","og_image":[{"width":2880,"height":2880,"url":"https:\/\/ruttkowski68.shop\/wp-content\/uploads\/2024\/01\/16508b66-c750-4d20-a8ca-b9261d00dc88-scaled.jpg","type":"image\/jpeg"}],"twitter_card":"summary_large_image","twitter_misc":{"Est. reading time":"1 minute"},"schema":{"@context":"https:\/\/schema.org","@graph":[{"@type":"WebPage","@id":"https:\/\/ruttkowski68.shop\/produkt\/daniel-weissbach-aka-cost-aka-dtagno\/","url":"https:\/\/ruttkowski68.shop\/produkt\/daniel-weissbach-aka-cost-aka-dtagno\/","name":"Daniel Weissbach \u2013 aka COST aka DTagno - Ruttkowski;68","isPartOf":{"@id":"https:\/\/ruttkowski68.shop\/#website"},"primaryImageOfPage":{"@id":"https:\/\/ruttkowski68.shop\/produkt\/daniel-weissbach-aka-cost-aka-dtagno\/#primaryimage"},"image":{"@id":"https:\/\/ruttkowski68.shop\/produkt\/daniel-weissbach-aka-cost-aka-dtagno\/#primaryimage"},"thumbnailUrl":"https:\/\/ruttkowski68.shop\/wp-content\/uploads\/2024\/01\/16508b66-c750-4d20-a8ca-b9261d00dc88-scaled.jpg","datePublished":"2024-01-15T19:04:46+00:00","dateModified":"2026-02-11T08:08:05+00:00","breadcrumb":{"@id":"https:\/\/ruttkowski68.shop\/produkt\/daniel-weissbach-aka-cost-aka-dtagno\/#breadcrumb"},"inLanguage":"en-US","potentialAction":[{"@type":"ReadAction","target":["https:\/\/ruttkowski68.shop\/produkt\/daniel-weissbach-aka-cost-aka-dtagno\/"]}]},{"@type":"ImageObject","inLanguage":"en-US","@id":"https:\/\/ruttkowski68.shop\/produkt\/daniel-weissbach-aka-cost-aka-dtagno\/#primaryimage","url":"https:\/\/ruttkowski68.shop\/wp-content\/uploads\/2024\/01\/16508b66-c750-4d20-a8ca-b9261d00dc88-scaled.jpg","contentUrl":"https:\/\/ruttkowski68.shop\/wp-content\/uploads\/2024\/01\/16508b66-c750-4d20-a8ca-b9261d00dc88-scaled.jpg","width":2880,"height":2880,"caption":"Daniel Weissbach - aka Cost aka DTagno"},{"@type":"BreadcrumbList","@id":"https:\/\/ruttkowski68.shop\/produkt\/daniel-weissbach-aka-cost-aka-dtagno\/#breadcrumb","itemListElement":[{"@type":"ListItem","position":1,"name":"Startseite","item":"https:\/\/ruttkowski68.shop\/"},{"@type":"ListItem","position":2,"name":"Shop","item":"https:\/\/ruttkowski68.shop\/"},{"@type":"ListItem","position":3,"name":"Daniel Weissbach \u2013 aka COST aka DTagno"}]},{"@type":"WebSite","@id":"https:\/\/ruttkowski68.shop\/#website","url":"https:\/\/ruttkowski68.shop\/","name":"Ruttkowski;68","description":"Contemporary Art Gallery","publisher":{"@id":"https:\/\/ruttkowski68.shop\/#organization"},"potentialAction":[{"@type":"SearchAction","target":{"@type":"EntryPoint","urlTemplate":"https:\/\/ruttkowski68.shop\/?s={search_term_string}"},"query-input":{"@type":"PropertyValueSpecification","valueRequired":true,"valueName":"search_term_string"}}],"inLanguage":"en-US"},{"@type":"Organization","@id":"https:\/\/ruttkowski68.shop\/#organization","name":"Ruttkowski;68","url":"https:\/\/ruttkowski68.shop\/","logo":{"@type":"ImageObject","inLanguage":"en-US","@id":"https:\/\/ruttkowski68.shop\/#\/schema\/logo\/image\/","url":"https:\/\/ruttkowski68.shop\/wp-content\/uploads\/2023\/10\/rk68.jpeg","contentUrl":"https:\/\/ruttkowski68.shop\/wp-content\/uploads\/2023\/10\/rk68.jpeg","width":1200,"height":630,"caption":"Ruttkowski;68"},"image":{"@id":"https:\/\/ruttkowski68.shop\/#\/schema\/logo\/image\/"},"sameAs":["https:\/\/facebook.com\/Ruttkowski68\/","https:\/\/www.instagram.com\/ruttkowski68"]}]}},"_links":{"self":[{"href":"https:\/\/ruttkowski68.shop\/en\/wp-json\/wp\/v2\/product\/4371","targetHints":{"allow":["GET"]}}],"collection":[{"href":"https:\/\/ruttkowski68.shop\/en\/wp-json\/wp\/v2\/product"}],"about":[{"href":"https:\/\/ruttkowski68.shop\/en\/wp-json\/wp\/v2\/types\/product"}],"wp:featuredmedia":[{"embeddable":true,"href":"https:\/\/ruttkowski68.shop\/en\/wp-json\/wp\/v2\/media\/4409"}],"wp:attachment":[{"href":"https:\/\/ruttkowski68.shop\/en\/wp-json\/wp\/v2\/media?parent=4371"}],"wp:term":[{"taxonomy":"product_brand","embeddable":true,"href":"https:\/\/ruttkowski68.shop\/en\/wp-json\/wp\/v2\/product_brand?post=4371"},{"taxonomy":"product_cat","embeddable":true,"href":"https:\/\/ruttkowski68.shop\/en\/wp-json\/wp\/v2\/product_cat?post=4371"},{"taxonomy":"product_tag","embeddable":true,"href":"https:\/\/ruttkowski68.shop\/en\/wp-json\/wp\/v2\/product_tag?post=4371"}],"curies":[{"name":"wp","href":"https:\/\/api.w.org\/{rel}","templated":true}]}}