{"id":3228,"date":"2023-10-10T18:57:00","date_gmt":"2023-10-10T18:57:00","guid":{"rendered":"https:\/\/ruttkowski68.shop\/widerrufsbelehrung"},"modified":"2025-03-15T14:21:15","modified_gmt":"2025-03-15T14:21:15","slug":"widerrufsbelehrung","status":"publish","type":"page","link":"https:\/\/ruttkowski68.shop\/en\/widerrufsbelehrung\/","title":{"rendered":"Cancellations"},"content":{"rendered":"<p>[et_pb_section fb_built=&#8220;1&#8243; _builder_version=&#8220;4.16&#8243; _module_preset=&#8220;\u201ddefault\u201d&#8220; global_colors_info=&#8220;\u201d{}\u201d&#8220;][et_pb_row column_structure=&#8220;\u201d4_4\u2033&#8220; _builder_version=&#8220;4.16&#8243; _module_preset=&#8220;\u201ddefault\u201d&#8220; background_size=&#8220;initial&#8220; background_position=&#8220;top_left&#8220; background_repeat=&#8220;repeat&#8220; custom_padding=&#8220;\u201d||0px|||\u201d&#8220; global_colors_info=&#8220;\u201d{}\u201d&#8220;][et_pb_column type=&#8220;\u201d4_4\u2033&#8220; _builder_version=&#8220;4.16&#8243; _module_preset=&#8220;\u201ddefault\u201d&#8220; custom_padding=&#8220;|||&#8220; global_colors_info=&#8220;\u201d{}\u201d&#8220; custom_padding__hover=&#8220;|||&#8220;][et_pb_text _builder_version=&#8220;4.16&#8243; _module_preset=&#8220;\u201ddefault\u201d&#8220; text_font=&#8220;\u201d||||||||\u201d&#8220; text_text_color=&#8220;\u201d#000000\u2033&#8220; text_font_size=&#8220;\u201d18px\u201d&#8220; header_font=&#8220;\u201d|600|||||||\u201d&#8220; background_size=&#8220;initial&#8220; background_position=&#8220;top_left&#8220; background_repeat=&#8220;repeat&#8220; custom_margin=&#8220;\u201d0px||||false|false\u201d&#8220; hover_enabled=&#8220;\u201d0\u2033&#8220; global_colors_info=&#8220;\u201d{}\u201d&#8220;]<\/p>\n<h1><strong>Cancellations<\/strong><\/h1>\n<p>[\/et_pb_text][et_pb_divider show_divider=&#8220;off&#8220; disabled_on=&#8220;on|on|off&#8220; _builder_version=&#8220;4.16&#8243; _module_preset=&#8220;\u201ddefault\u201d&#8220; global_colors_info=&#8220;\u201d{}\u201d&#8220;][\/et_pb_divider][et_pb_text _builder_version=&#8220;4.27.4&#8243; _module_preset=&#8220;\u201ddefault\u201d&#8220; text_font=&#8220;||||||||\u201d&#8220; text_text_color=&#8220;\u201d#000000\u2033&#8220; text_font_size=&#8220;\u201d18px\u201d&#8220; text_line_height=&#8220;1.2em&#8220; header_font=&#8220;\u201d|600|||||||\u201d&#8220; background_size=&#8220;initial&#8220; background_position=&#8220;top_left&#8220; background_repeat=&#8220;repeat&#8220; custom_margin=&#8220;\u201d0px||||false|false\u201d&#8220; hover_enabled=&#8220;0&#8243; global_colors_info=&#8220;\u201d{}\u201d&#8220; sticky_enabled=&#8220;0&#8243;]<\/p>\n<p><strong>Right of withdrawal<\/strong><\/p>\n<p>You have the right to cancel the concluded contract within fourteen days without giving any reason. The withdrawal period is fourteen days from the day on which you or a third party named by you, who is not the carrier, took possession of the last goods.<\/p>\n<p>To exercise the right to cancel, you must inform us (goodlabels GmbH, Vogelsanger Str. 193, 50825 K\u00f6ln, support@goodlabels.de, Phone: 0221 7159 87 80) of your decision to cancel this contract by a clear statement (e.g. a letter sent by post, fax or e-mail). You can use the attached sample withdrawal form, but this is not mandatory.<\/p>\n<p>To meet the withdrawal deadline, it is sufficient for you to send your notification of exercising your right of withdrawal before the withdrawal period has expired.<\/p>\n<p><strong>Consequences of withdrawal<\/strong><\/p>\n<p>If you withdraw from this contract, we shall reimburse to you all payments received from you, including the costs of delivery (with the exception of the supplementary costs resulting from your choice of a type of delivery other than the least expensive type of standard delivery offered by us), without undue delay and in any event not later than 14 days from the day on which we are informed about your decision to withdraw from this contract. For this repayment, we will use the same means of payment that you used for the original transaction, unless expressly agreed otherwise with you; in no case will you be charged any fees for this repayment. We may refuse repayment until we have received the goods back or until you have provided proof that you have returned the goods, whichever is the earlier.<\/p>\n<p>You must return or hand over the goods to us or to goodlabels GmbH, Vogelsanger Str. 193, 50825 Cologne immediately and in any case within fourteen days at the latest from the day on which you inform us of the revocation of this contract. The deadline is met if you send the goods before the period of fourteen days has expired. You are only liable for any diminished value of the goods resulting from the handling other than what is necessary to establish the nature, characteristics and functioning of the goods.<\/p>\n<p><strong>Sample withdrawal form<\/strong><\/p>\n<p>(Wenn Sie den Vertrag widerrufen wollen, dann f\u00fcllen Sie bitte dieses Formular aus und senden Sie es zur\u00fcck.)\u2013 An goodlabels GmbH, Vogelsanger Str. 193, 50825 K\u00f6ln, support@goodlabels.de\u2013 Hiermit widerrufe(n) ich\/wir (*) den von mir\/uns (*) abgeschlossenen Vertrag \u00fcber den Kauf der folgenden Waren (*)\/die Erbringung der folgenden Dienstleistung (*)\u2013 Bestellt am (*)\/erhalten am (*)\u2013 Name des\/der Verbraucher(s)\u2013 Anschrift des\/der Verbraucher(s)\u2013 Unterschrift des\/der Verbraucher(s) (nur bei Mitteilung auf Papier)\u2013 Datum(*) Unzutreffendes streichen.<\/p>\n<p>[\/et_pb_text][et_pb_divider show_divider=&#8220;off&#8220; disabled_on=&#8220;on|on|off&#8220; _builder_version=&#8220;4.16&#8243; _module_preset=&#8220;\u201ddefault\u201d&#8220; global_colors_info=&#8220;\u201d{}\u201d&#8220;][\/et_pb_divider][\/et_pb_column][\/et_pb_row][\/et_pb_section]<\/p>","protected":false},"excerpt":{"rendered":"<p>WiderrufsbelehrungWiderrufsrecht Sie haben das Recht, binnen vierzehn Tagen ohne Angabe von Gr\u00fcnden den geschlossenen Vertrag zu widerrufen. Die Widerrufsfrist betr\u00e4gt vierzehn Tage ab dem Tag, an dem Sie oder ein von Ihnen benannter Dritter, der nicht der Bef\u00f6rderer ist, die letzte Ware in Besitz genommen haben bzw. hat. Um Ihr Widerrufsrecht auszu\u00fcben, m\u00fcssen Sie uns [&hellip;]<\/p>","protected":false},"author":1,"featured_media":0,"parent":0,"menu_order":0,"comment_status":"closed","ping_status":"closed","template":"","meta":{"_et_pb_use_builder":"on","_et_pb_old_content":"","_et_gb_content_width":"","footnotes":""},"class_list":["post-3228","page","type-page","status-publish","hentry"],"yoast_head":"<!-- This site is optimized with the Yoast SEO Premium plugin v23.6 (Yoast SEO v26.5) - https:\/\/yoast.com\/wordpress\/plugins\/seo\/ -->\n<title>Widerrufsbelehrung - Ruttkowski;68<\/title>\n<meta name=\"robots\" content=\"index, follow, max-snippet:-1, max-image-preview:large, max-video-preview:-1\" \/>\n<link rel=\"canonical\" href=\"https:\/\/ruttkowski68.shop\/en\/widerrufsbelehrung\/\" \/>\n<meta property=\"og:locale\" content=\"en_US\" \/>\n<meta property=\"og:type\" content=\"article\" \/>\n<meta property=\"og:title\" content=\"Widerrufsbelehrung\" \/>\n<meta property=\"og:description\" content=\"WiderrufsbelehrungWiderrufsrecht Sie haben das Recht, binnen vierzehn Tagen ohne Angabe von Gr\u00fcnden den geschlossenen Vertrag zu widerrufen. Die Widerrufsfrist betr\u00e4gt vierzehn Tage ab dem Tag, an dem Sie oder ein von Ihnen benannter Dritter, der nicht der Bef\u00f6rderer ist, die letzte Ware in Besitz genommen haben bzw. hat. Um Ihr Widerrufsrecht auszu\u00fcben, m\u00fcssen Sie uns [&hellip;]\" \/>\n<meta property=\"og:url\" content=\"https:\/\/ruttkowski68.shop\/en\/widerrufsbelehrung\/\" \/>\n<meta property=\"og:site_name\" content=\"Ruttkowski;68\" \/>\n<meta property=\"article:publisher\" content=\"https:\/\/facebook.com\/Ruttkowski68\/\" \/>\n<meta property=\"article:modified_time\" content=\"2025-03-15T14:21:15+00:00\" \/>\n<meta name=\"twitter:card\" content=\"summary_large_image\" \/>\n<meta name=\"twitter:label1\" content=\"Est. reading time\" \/>\n\t<meta name=\"twitter:data1\" content=\"3 minutes\" \/>\n<script type=\"application\/ld+json\" class=\"yoast-schema-graph\">{\"@context\":\"https:\/\/schema.org\",\"@graph\":[{\"@type\":\"WebPage\",\"@id\":\"https:\/\/ruttkowski68.shop\/widerrufsbelehrung\/\",\"url\":\"https:\/\/ruttkowski68.shop\/widerrufsbelehrung\/\",\"name\":\"Widerrufsbelehrung - Ruttkowski;68\",\"isPartOf\":{\"@id\":\"https:\/\/ruttkowski68.shop\/#website\"},\"datePublished\":\"2023-10-10T18:57:00+00:00\",\"dateModified\":\"2025-03-15T14:21:15+00:00\",\"breadcrumb\":{\"@id\":\"https:\/\/ruttkowski68.shop\/widerrufsbelehrung\/#breadcrumb\"},\"inLanguage\":\"en-US\",\"potentialAction\":[{\"@type\":\"ReadAction\",\"target\":[\"https:\/\/ruttkowski68.shop\/widerrufsbelehrung\/\"]}]},{\"@type\":\"BreadcrumbList\",\"@id\":\"https:\/\/ruttkowski68.shop\/widerrufsbelehrung\/#breadcrumb\",\"itemListElement\":[{\"@type\":\"ListItem\",\"position\":1,\"name\":\"Startseite\",\"item\":\"https:\/\/ruttkowski68.shop\/\"},{\"@type\":\"ListItem\",\"position\":2,\"name\":\"Widerrufsbelehrung\"}]},{\"@type\":\"WebSite\",\"@id\":\"https:\/\/ruttkowski68.shop\/#website\",\"url\":\"https:\/\/ruttkowski68.shop\/\",\"name\":\"Ruttkowski;68\",\"description\":\"Contemporary Art Gallery\",\"publisher\":{\"@id\":\"https:\/\/ruttkowski68.shop\/#organization\"},\"potentialAction\":[{\"@type\":\"SearchAction\",\"target\":{\"@type\":\"EntryPoint\",\"urlTemplate\":\"https:\/\/ruttkowski68.shop\/?s={search_term_string}\"},\"query-input\":{\"@type\":\"PropertyValueSpecification\",\"valueRequired\":true,\"valueName\":\"search_term_string\"}}],\"inLanguage\":\"en-US\"},{\"@type\":\"Organization\",\"@id\":\"https:\/\/ruttkowski68.shop\/#organization\",\"name\":\"Ruttkowski;68\",\"url\":\"https:\/\/ruttkowski68.shop\/\",\"logo\":{\"@type\":\"ImageObject\",\"inLanguage\":\"en-US\",\"@id\":\"https:\/\/ruttkowski68.shop\/#\/schema\/logo\/image\/\",\"url\":\"https:\/\/ruttkowski68.shop\/wp-content\/uploads\/2023\/10\/rk68.jpeg\",\"contentUrl\":\"https:\/\/ruttkowski68.shop\/wp-content\/uploads\/2023\/10\/rk68.jpeg\",\"width\":1200,\"height\":630,\"caption\":\"Ruttkowski;68\"},\"image\":{\"@id\":\"https:\/\/ruttkowski68.shop\/#\/schema\/logo\/image\/\"},\"sameAs\":[\"https:\/\/facebook.com\/Ruttkowski68\/\",\"https:\/\/www.instagram.com\/ruttkowski68\"]}]}<\/script>\n<!-- \/ Yoast SEO Premium plugin. -->","yoast_head_json":{"title":"Widerrufsbelehrung - Ruttkowski;68","robots":{"index":"index","follow":"follow","max-snippet":"max-snippet:-1","max-image-preview":"max-image-preview:large","max-video-preview":"max-video-preview:-1"},"canonical":"https:\/\/ruttkowski68.shop\/en\/widerrufsbelehrung\/","og_locale":"en_US","og_type":"article","og_title":"Widerrufsbelehrung","og_description":"WiderrufsbelehrungWiderrufsrecht Sie haben das Recht, binnen vierzehn Tagen ohne Angabe von Gr\u00fcnden den geschlossenen Vertrag zu widerrufen. Die Widerrufsfrist betr\u00e4gt vierzehn Tage ab dem Tag, an dem Sie oder ein von Ihnen benannter Dritter, der nicht der Bef\u00f6rderer ist, die letzte Ware in Besitz genommen haben bzw. hat. Um Ihr Widerrufsrecht auszu\u00fcben, m\u00fcssen Sie uns [&hellip;]","og_url":"https:\/\/ruttkowski68.shop\/en\/widerrufsbelehrung\/","og_site_name":"Ruttkowski;68","article_publisher":"https:\/\/facebook.com\/Ruttkowski68\/","article_modified_time":"2025-03-15T14:21:15+00:00","twitter_card":"summary_large_image","twitter_misc":{"Est. reading time":"3 minutes"},"schema":{"@context":"https:\/\/schema.org","@graph":[{"@type":"WebPage","@id":"https:\/\/ruttkowski68.shop\/widerrufsbelehrung\/","url":"https:\/\/ruttkowski68.shop\/widerrufsbelehrung\/","name":"Widerrufsbelehrung - Ruttkowski;68","isPartOf":{"@id":"https:\/\/ruttkowski68.shop\/#website"},"datePublished":"2023-10-10T18:57:00+00:00","dateModified":"2025-03-15T14:21:15+00:00","breadcrumb":{"@id":"https:\/\/ruttkowski68.shop\/widerrufsbelehrung\/#breadcrumb"},"inLanguage":"en-US","potentialAction":[{"@type":"ReadAction","target":["https:\/\/ruttkowski68.shop\/widerrufsbelehrung\/"]}]},{"@type":"BreadcrumbList","@id":"https:\/\/ruttkowski68.shop\/widerrufsbelehrung\/#breadcrumb","itemListElement":[{"@type":"ListItem","position":1,"name":"Startseite","item":"https:\/\/ruttkowski68.shop\/"},{"@type":"ListItem","position":2,"name":"Widerrufsbelehrung"}]},{"@type":"WebSite","@id":"https:\/\/ruttkowski68.shop\/#website","url":"https:\/\/ruttkowski68.shop\/","name":"Ruttkowski;68","description":"Contemporary Art Gallery","publisher":{"@id":"https:\/\/ruttkowski68.shop\/#organization"},"potentialAction":[{"@type":"SearchAction","target":{"@type":"EntryPoint","urlTemplate":"https:\/\/ruttkowski68.shop\/?s={search_term_string}"},"query-input":{"@type":"PropertyValueSpecification","valueRequired":true,"valueName":"search_term_string"}}],"inLanguage":"en-US"},{"@type":"Organization","@id":"https:\/\/ruttkowski68.shop\/#organization","name":"Ruttkowski;68","url":"https:\/\/ruttkowski68.shop\/","logo":{"@type":"ImageObject","inLanguage":"en-US","@id":"https:\/\/ruttkowski68.shop\/#\/schema\/logo\/image\/","url":"https:\/\/ruttkowski68.shop\/wp-content\/uploads\/2023\/10\/rk68.jpeg","contentUrl":"https:\/\/ruttkowski68.shop\/wp-content\/uploads\/2023\/10\/rk68.jpeg","width":1200,"height":630,"caption":"Ruttkowski;68"},"image":{"@id":"https:\/\/ruttkowski68.shop\/#\/schema\/logo\/image\/"},"sameAs":["https:\/\/facebook.com\/Ruttkowski68\/","https:\/\/www.instagram.com\/ruttkowski68"]}]}},"_links":{"self":[{"href":"https:\/\/ruttkowski68.shop\/en\/wp-json\/wp\/v2\/pages\/3228","targetHints":{"allow":["GET"]}}],"collection":[{"href":"https:\/\/ruttkowski68.shop\/en\/wp-json\/wp\/v2\/pages"}],"about":[{"href":"https:\/\/ruttkowski68.shop\/en\/wp-json\/wp\/v2\/types\/page"}],"author":[{"embeddable":true,"href":"https:\/\/ruttkowski68.shop\/en\/wp-json\/wp\/v2\/users\/1"}],"replies":[{"embeddable":true,"href":"https:\/\/ruttkowski68.shop\/en\/wp-json\/wp\/v2\/comments?post=3228"}],"version-history":[{"count":4,"href":"https:\/\/ruttkowski68.shop\/en\/wp-json\/wp\/v2\/pages\/3228\/revisions"}],"predecessor-version":[{"id":6330,"href":"https:\/\/ruttkowski68.shop\/en\/wp-json\/wp\/v2\/pages\/3228\/revisions\/6330"}],"wp:attachment":[{"href":"https:\/\/ruttkowski68.shop\/en\/wp-json\/wp\/v2\/media?parent=3228"}],"curies":[{"name":"wp","href":"https:\/\/api.w.org\/{rel}","templated":true}]}}