{"id":3227,"date":"2023-10-10T18:57:00","date_gmt":"2023-10-10T18:57:00","guid":{"rendered":"https:\/\/ruttkowski68.shop\/agb"},"modified":"2025-03-15T13:46:09","modified_gmt":"2025-03-15T13:46:09","slug":"agb","status":"publish","type":"page","link":"https:\/\/ruttkowski68.shop\/en\/agb\/","title":{"rendered":"Terms &amp; Conditions"},"content":{"rendered":"<p>[et_pb_section fb_built=&#8220;1&#8243; _builder_version=&#8220;4.16&#8243; _module_preset=&#8220;\u201ddefault\u201d&#8220; global_colors_info=&#8220;\u201d{}\u201d&#8220;][et_pb_row _builder_version=&#8220;4.16&#8243; _module_preset=&#8220;\u201ddefault\u201d&#8220; background_size=&#8220;initial&#8220; background_position=&#8220;top_left&#8220; background_repeat=&#8220;repeat&#8220; custom_padding=&#8220;\u201d||0px|||\u201d&#8220; global_colors_info=&#8220;\u201d{}\u201d&#8220; column_structure=&#8220;\u201d4_4\u2033&#8220;][et_pb_column type=&#8220;\u201d4_4\u2033&#8220; _builder_version=&#8220;4.16&#8243; _module_preset=&#8220;\u201ddefault\u201d&#8220; custom_padding=&#8220;|||&#8220; global_colors_info=&#8220;\u201d{}\u201d&#8220; custom_padding__hover=&#8220;|||&#8220;][et_pb_text _builder_version=&#8220;4.16&#8243; _module_preset=&#8220;\u201ddefault\u201d&#8220; text_font=&#8220;\u201d||||||||\u201d&#8220; text_text_color=&#8220;\u201d#000000\u2033&#8220; text_font_size=&#8220;\u201d18px\u201d&#8220; header_font=&#8220;\u201d|600|||||||\u201d&#8220; background_size=&#8220;initial&#8220; background_position=&#8220;top_left&#8220; background_repeat=&#8220;repeat&#8220; custom_margin=&#8220;\u201d0px||||false|false\u201d&#8220; global_colors_info=&#8220;\u201d{}\u201d&#8220;]<\/p>\n<h1><strong>Imprint<\/strong><\/h1>\n<p>[\/et_pb_text][et_pb_divider show_divider=&#8220;off&#8220; disabled_on=&#8220;on|on|off&#8220; _builder_version=&#8220;4.16&#8243; _module_preset=&#8220;\u201ddefault\u201d&#8220; global_colors_info=&#8220;\u201d{}\u201d&#8220;][\/et_pb_divider][et_pb_text _builder_version=&#8220;4.16&#8243; _module_preset=&#8220;\u201ddefault\u201d&#8220; text_font=&#8220;\u201d||||||||\u201d&#8220; text_text_color=&#8220;\u201d#000000\u2033&#8220; text_font_size=&#8220;\u201d18px\u201d&#8220; header_font=&#8220;\u201d|600|||||||\u201d&#8220; background_size=&#8220;initial&#8220; background_position=&#8220;top_left&#8220; background_repeat=&#8220;repeat&#8220; custom_margin=&#8220;\u201d0px||||false|false\u201d&#8220; hover_enabled=&#8220;\u201d0\u2033&#8220; global_colors_info=&#8220;\u201d{}\u201d&#8220;]<\/p>\n<p>Ruttkowski68.shop is an offer of the:<\/p>\n<p>goodlabels GmbH<\/p>\n<p>Vogelsanger Str. 193<\/p>\n<p>50825 K\u00f6ln<\/p>\n<p>Deutschland<\/p>\n<p>Telefon: +49 (0) 221 71 59 87 80<\/p>\n<p>E-Mail: <\/p>\n<p>Gesch\u00e4ftsf\u00fchrer:<\/p>\n<p>Michael Dietz, S\u00f6ren Maihack<\/p>\n<p>Handelsregister: Amtsgericht K\u00f6ln, HRB 72539<\/p>\n<p>Umsatzsteuer-Identifikationsnummer: DE 815306183<\/p>\n<p>Verantwortlich gem\u00e4\u00df \u00a7 55 RStV:<\/p>\n<p>S\u00f6ren Maihack<\/p>\n<p>Vogelsanger Str. 193<\/p>\n<p>50825 K\u00f6ln<\/p>\n<p>Die Europ\u00e4ische Kommission stellt eine Plattform zur Online-Streitbeilegung (OS) bereit,<\/p>\n<p>die du hier findest:\u00a0<\/p>\n<p>[\/et_pb_text][et_pb_divider show_divider=&#8220;off&#8220; disabled_on=&#8220;on|on|off&#8220; _builder_version=&#8220;4.16&#8243; _module_preset=&#8220;\u201ddefault\u201d&#8220; global_colors_info=&#8220;\u201d{}\u201d&#8220;][\/et_pb_divider][\/et_pb_column][\/et_pb_row][\/et_pb_section]<\/p>","protected":false},"excerpt":{"rendered":"<p>ImpressumRuttkowski68.shop ist ein Angebot der: goodlabels GmbH Vogelsanger Str. 193 50825 K\u00f6ln Deutschland Telefon: +49 (0) 221 71 59 87 80 E-Mail: Gesch\u00e4ftsf\u00fchrer: Michael Dietz, S\u00f6ren Maihack Handelsregister: Amtsgericht K\u00f6ln, HRB 72539 Umsatzsteuer-Identifikationsnummer: DE 815306183 Verantwortlich gem\u00e4\u00df \u00a7 55 RStV: S\u00f6ren Maihack Vogelsanger Str. 193 50825 K\u00f6ln Die Europ\u00e4ische Kommission stellt eine Plattform zur Online-Streitbeilegung [&hellip;]<\/p>","protected":false},"author":1,"featured_media":0,"parent":0,"menu_order":0,"comment_status":"closed","ping_status":"closed","template":"","meta":{"_et_pb_use_builder":"on","_et_pb_old_content":"","_et_gb_content_width":"","footnotes":""},"class_list":["post-3227","page","type-page","status-publish","hentry"],"yoast_head":"<!-- This site is optimized with the Yoast SEO Premium plugin v23.6 (Yoast SEO v26.5) - https:\/\/yoast.com\/wordpress\/plugins\/seo\/ -->\n<title>AGB - Ruttkowski;68<\/title>\n<meta name=\"robots\" content=\"index, follow, max-snippet:-1, max-image-preview:large, max-video-preview:-1\" \/>\n<link rel=\"canonical\" href=\"https:\/\/ruttkowski68.shop\/en\/agb\/\" \/>\n<meta property=\"og:locale\" content=\"en_US\" \/>\n<meta property=\"og:type\" content=\"article\" \/>\n<meta property=\"og:title\" content=\"AGB\" \/>\n<meta property=\"og:description\" content=\"ImpressumRuttkowski68.shop ist ein Angebot der: goodlabels GmbH Vogelsanger Str. 193 50825 K\u00f6ln Deutschland Telefon: +49 (0) 221 71 59 87 80 E-Mail: Gesch\u00e4ftsf\u00fchrer: Michael Dietz, S\u00f6ren Maihack Handelsregister: Amtsgericht K\u00f6ln, HRB 72539 Umsatzsteuer-Identifikationsnummer: DE 815306183 Verantwortlich gem\u00e4\u00df \u00a7 55 RStV: S\u00f6ren Maihack Vogelsanger Str. 193 50825 K\u00f6ln Die Europ\u00e4ische Kommission stellt eine Plattform zur Online-Streitbeilegung [&hellip;]\" \/>\n<meta property=\"og:url\" content=\"https:\/\/ruttkowski68.shop\/en\/agb\/\" \/>\n<meta property=\"og:site_name\" content=\"Ruttkowski;68\" \/>\n<meta property=\"article:publisher\" content=\"https:\/\/facebook.com\/Ruttkowski68\/\" \/>\n<meta property=\"article:modified_time\" content=\"2025-03-15T13:46:09+00:00\" \/>\n<meta name=\"twitter:card\" content=\"summary_large_image\" \/>\n<script type=\"application\/ld+json\" class=\"yoast-schema-graph\">{\"@context\":\"https:\/\/schema.org\",\"@graph\":[{\"@type\":\"WebPage\",\"@id\":\"https:\/\/ruttkowski68.shop\/agb\/\",\"url\":\"https:\/\/ruttkowski68.shop\/agb\/\",\"name\":\"AGB - Ruttkowski;68\",\"isPartOf\":{\"@id\":\"https:\/\/ruttkowski68.shop\/#website\"},\"datePublished\":\"2023-10-10T18:57:00+00:00\",\"dateModified\":\"2025-03-15T13:46:09+00:00\",\"breadcrumb\":{\"@id\":\"https:\/\/ruttkowski68.shop\/agb\/#breadcrumb\"},\"inLanguage\":\"en-US\",\"potentialAction\":[{\"@type\":\"ReadAction\",\"target\":[\"https:\/\/ruttkowski68.shop\/agb\/\"]}]},{\"@type\":\"BreadcrumbList\",\"@id\":\"https:\/\/ruttkowski68.shop\/agb\/#breadcrumb\",\"itemListElement\":[{\"@type\":\"ListItem\",\"position\":1,\"name\":\"Startseite\",\"item\":\"https:\/\/ruttkowski68.shop\/\"},{\"@type\":\"ListItem\",\"position\":2,\"name\":\"AGB\"}]},{\"@type\":\"WebSite\",\"@id\":\"https:\/\/ruttkowski68.shop\/#website\",\"url\":\"https:\/\/ruttkowski68.shop\/\",\"name\":\"Ruttkowski;68\",\"description\":\"Contemporary Art Gallery\",\"publisher\":{\"@id\":\"https:\/\/ruttkowski68.shop\/#organization\"},\"potentialAction\":[{\"@type\":\"SearchAction\",\"target\":{\"@type\":\"EntryPoint\",\"urlTemplate\":\"https:\/\/ruttkowski68.shop\/?s={search_term_string}\"},\"query-input\":{\"@type\":\"PropertyValueSpecification\",\"valueRequired\":true,\"valueName\":\"search_term_string\"}}],\"inLanguage\":\"en-US\"},{\"@type\":\"Organization\",\"@id\":\"https:\/\/ruttkowski68.shop\/#organization\",\"name\":\"Ruttkowski;68\",\"url\":\"https:\/\/ruttkowski68.shop\/\",\"logo\":{\"@type\":\"ImageObject\",\"inLanguage\":\"en-US\",\"@id\":\"https:\/\/ruttkowski68.shop\/#\/schema\/logo\/image\/\",\"url\":\"https:\/\/ruttkowski68.shop\/wp-content\/uploads\/2023\/10\/rk68.jpeg\",\"contentUrl\":\"https:\/\/ruttkowski68.shop\/wp-content\/uploads\/2023\/10\/rk68.jpeg\",\"width\":1200,\"height\":630,\"caption\":\"Ruttkowski;68\"},\"image\":{\"@id\":\"https:\/\/ruttkowski68.shop\/#\/schema\/logo\/image\/\"},\"sameAs\":[\"https:\/\/facebook.com\/Ruttkowski68\/\",\"https:\/\/www.instagram.com\/ruttkowski68\"]}]}<\/script>\n<!-- \/ Yoast SEO Premium plugin. -->","yoast_head_json":{"title":"AGB - Ruttkowski;68","robots":{"index":"index","follow":"follow","max-snippet":"max-snippet:-1","max-image-preview":"max-image-preview:large","max-video-preview":"max-video-preview:-1"},"canonical":"https:\/\/ruttkowski68.shop\/en\/agb\/","og_locale":"en_US","og_type":"article","og_title":"AGB","og_description":"ImpressumRuttkowski68.shop ist ein Angebot der: goodlabels GmbH Vogelsanger Str. 193 50825 K\u00f6ln Deutschland Telefon: +49 (0) 221 71 59 87 80 E-Mail: Gesch\u00e4ftsf\u00fchrer: Michael Dietz, S\u00f6ren Maihack Handelsregister: Amtsgericht K\u00f6ln, HRB 72539 Umsatzsteuer-Identifikationsnummer: DE 815306183 Verantwortlich gem\u00e4\u00df \u00a7 55 RStV: S\u00f6ren Maihack Vogelsanger Str. 193 50825 K\u00f6ln Die Europ\u00e4ische Kommission stellt eine Plattform zur Online-Streitbeilegung [&hellip;]","og_url":"https:\/\/ruttkowski68.shop\/en\/agb\/","og_site_name":"Ruttkowski;68","article_publisher":"https:\/\/facebook.com\/Ruttkowski68\/","article_modified_time":"2025-03-15T13:46:09+00:00","twitter_card":"summary_large_image","schema":{"@context":"https:\/\/schema.org","@graph":[{"@type":"WebPage","@id":"https:\/\/ruttkowski68.shop\/agb\/","url":"https:\/\/ruttkowski68.shop\/agb\/","name":"AGB - Ruttkowski;68","isPartOf":{"@id":"https:\/\/ruttkowski68.shop\/#website"},"datePublished":"2023-10-10T18:57:00+00:00","dateModified":"2025-03-15T13:46:09+00:00","breadcrumb":{"@id":"https:\/\/ruttkowski68.shop\/agb\/#breadcrumb"},"inLanguage":"en-US","potentialAction":[{"@type":"ReadAction","target":["https:\/\/ruttkowski68.shop\/agb\/"]}]},{"@type":"BreadcrumbList","@id":"https:\/\/ruttkowski68.shop\/agb\/#breadcrumb","itemListElement":[{"@type":"ListItem","position":1,"name":"Startseite","item":"https:\/\/ruttkowski68.shop\/"},{"@type":"ListItem","position":2,"name":"AGB"}]},{"@type":"WebSite","@id":"https:\/\/ruttkowski68.shop\/#website","url":"https:\/\/ruttkowski68.shop\/","name":"Ruttkowski;68","description":"Contemporary Art Gallery","publisher":{"@id":"https:\/\/ruttkowski68.shop\/#organization"},"potentialAction":[{"@type":"SearchAction","target":{"@type":"EntryPoint","urlTemplate":"https:\/\/ruttkowski68.shop\/?s={search_term_string}"},"query-input":{"@type":"PropertyValueSpecification","valueRequired":true,"valueName":"search_term_string"}}],"inLanguage":"en-US"},{"@type":"Organization","@id":"https:\/\/ruttkowski68.shop\/#organization","name":"Ruttkowski;68","url":"https:\/\/ruttkowski68.shop\/","logo":{"@type":"ImageObject","inLanguage":"en-US","@id":"https:\/\/ruttkowski68.shop\/#\/schema\/logo\/image\/","url":"https:\/\/ruttkowski68.shop\/wp-content\/uploads\/2023\/10\/rk68.jpeg","contentUrl":"https:\/\/ruttkowski68.shop\/wp-content\/uploads\/2023\/10\/rk68.jpeg","width":1200,"height":630,"caption":"Ruttkowski;68"},"image":{"@id":"https:\/\/ruttkowski68.shop\/#\/schema\/logo\/image\/"},"sameAs":["https:\/\/facebook.com\/Ruttkowski68\/","https:\/\/www.instagram.com\/ruttkowski68"]}]}},"_links":{"self":[{"href":"https:\/\/ruttkowski68.shop\/en\/wp-json\/wp\/v2\/pages\/3227","targetHints":{"allow":["GET"]}}],"collection":[{"href":"https:\/\/ruttkowski68.shop\/en\/wp-json\/wp\/v2\/pages"}],"about":[{"href":"https:\/\/ruttkowski68.shop\/en\/wp-json\/wp\/v2\/types\/page"}],"author":[{"embeddable":true,"href":"https:\/\/ruttkowski68.shop\/en\/wp-json\/wp\/v2\/users\/1"}],"replies":[{"embeddable":true,"href":"https:\/\/ruttkowski68.shop\/en\/wp-json\/wp\/v2\/comments?post=3227"}],"version-history":[{"count":4,"href":"https:\/\/ruttkowski68.shop\/en\/wp-json\/wp\/v2\/pages\/3227\/revisions"}],"predecessor-version":[{"id":6322,"href":"https:\/\/ruttkowski68.shop\/en\/wp-json\/wp\/v2\/pages\/3227\/revisions\/6322"}],"wp:attachment":[{"href":"https:\/\/ruttkowski68.shop\/en\/wp-json\/wp\/v2\/media?parent=3227"}],"curies":[{"name":"wp","href":"https:\/\/api.w.org\/{rel}","templated":true}]}}